{"id":807,"date":"2022-07-05T15:40:31","date_gmt":"2022-07-05T13:40:31","guid":{"rendered":"https:\/\/www.cmap.cat\/?page_id=807"},"modified":"2023-03-23T11:39:39","modified_gmt":"2023-03-23T10:39:39","slug":"consulta-medica","status":"publish","type":"page","link":"https:\/\/www.cmap.cat\/es\/consulta-medica\/","title":{"rendered":"Consulta M\u00e9dica"},"content":{"rendered":"<div data-elementor-type=\"wp-page\" data-elementor-id=\"807\" class=\"elementor elementor-807\" data-elementor-post-type=\"page\">\n\t\t\t\t\t\t<section class=\"elementor-section elementor-top-section elementor-element elementor-element-79255b8c elementor-section-height-min-height elementor-section-items-bottom elementor-section-boxed elementor-section-height-default\" data-id=\"79255b8c\" data-element_type=\"section\" data-settings=\"{&quot;background_background&quot;:&quot;classic&quot;}\">\n\t\t\t\t\t\t<div class=\"elementor-container elementor-column-gap-default\">\n\t\t\t\t\t<div class=\"elementor-column elementor-col-50 elementor-top-column elementor-element elementor-element-9d977db\" data-id=\"9d977db\" data-element_type=\"column\" data-settings=\"{&quot;background_background&quot;:&quot;classic&quot;}\">\n\t\t\t<div class=\"elementor-widget-wrap elementor-element-populated\">\n\t\t\t\t\t\t<div class=\"elementor-element elementor-element-6b680ec0 elementor-widget elementor-widget-heading\" data-id=\"6b680ec0\" data-element_type=\"widget\" data-widget_type=\"heading.default\">\n\t\t\t\t<div class=\"elementor-widget-container\">\n\t\t\t<style>\/*! elementor - v3.21.0 - 26-05-2024 *\/\n.elementor-heading-title{padding:0;margin:0;line-height:1}.elementor-widget-heading .elementor-heading-title[class*=elementor-size-]>a{color:inherit;font-size:inherit;line-height:inherit}.elementor-widget-heading .elementor-heading-title.elementor-size-small{font-size:15px}.elementor-widget-heading .elementor-heading-title.elementor-size-medium{font-size:19px}.elementor-widget-heading .elementor-heading-title.elementor-size-large{font-size:29px}.elementor-widget-heading .elementor-heading-title.elementor-size-xl{font-size:39px}.elementor-widget-heading .elementor-heading-title.elementor-size-xxl{font-size:59px}<\/style><h2 class=\"elementor-heading-title elementor-size-default\">CONSULTA M\u00c9DICA<\/h2>\t\t<\/div>\n\t\t\t\t<\/div>\n\t\t\t\t\t<\/div>\n\t\t<\/div>\n\t\t\t\t<div class=\"elementor-column elementor-col-50 elementor-top-column elementor-element elementor-element-57252c95\" data-id=\"57252c95\" data-element_type=\"column\">\n\t\t\t<div class=\"elementor-widget-wrap\">\n\t\t\t\t\t\t\t<\/div>\n\t\t<\/div>\n\t\t\t\t\t<\/div>\n\t\t<\/section>\n\t\t\t\t<section class=\"elementor-section elementor-top-section elementor-element elementor-element-1a62c94 elementor-section-boxed elementor-section-height-default elementor-section-height-default\" data-id=\"1a62c94\" data-element_type=\"section\">\n\t\t\t\t\t\t<div class=\"elementor-container elementor-column-gap-default\">\n\t\t\t\t\t<div class=\"elementor-column elementor-col-100 elementor-top-column elementor-element elementor-element-f68a1d8\" data-id=\"f68a1d8\" data-element_type=\"column\">\n\t\t\t<div class=\"elementor-widget-wrap elementor-element-populated\">\n\t\t\t\t\t\t<div class=\"elementor-element elementor-element-0c9726b elementor-widget elementor-widget-text-editor\" data-id=\"0c9726b\" data-element_type=\"widget\" data-widget_type=\"text-editor.default\">\n\t\t\t\t<div class=\"elementor-widget-container\">\n\t\t\t<style>\/*! elementor - v3.21.0 - 26-05-2024 *\/\n.elementor-widget-text-editor.elementor-drop-cap-view-stacked .elementor-drop-cap{background-color:#69727d;color:#fff}.elementor-widget-text-editor.elementor-drop-cap-view-framed .elementor-drop-cap{color:#69727d;border:3px solid;background-color:transparent}.elementor-widget-text-editor:not(.elementor-drop-cap-view-default) .elementor-drop-cap{margin-top:8px}.elementor-widget-text-editor:not(.elementor-drop-cap-view-default) .elementor-drop-cap-letter{width:1em;height:1em}.elementor-widget-text-editor .elementor-drop-cap{float:left;text-align:center;line-height:1;font-size:50px}.elementor-widget-text-editor .elementor-drop-cap-letter{display:inline-block}<\/style>\t\t\t\t<p><strong>Consulta M\u00e9dica General<\/strong><\/p>\t\t\t\t\t\t<\/div>\n\t\t\t\t<\/div>\n\t\t\t\t<div class=\"elementor-element elementor-element-763eaa8 elementor-widget elementor-widget-text-editor\" data-id=\"763eaa8\" data-element_type=\"widget\" data-widget_type=\"text-editor.default\">\n\t\t\t\t<div class=\"elementor-widget-container\">\n\t\t\t\t\t\t\t<p>La consulta de Medicina General est\u00e1 orientada al abordaje integral del paciente que acude por cualquier motivo de consulta; durante la misma, se realiza la evaluaci\u00f3n espec\u00edfica del problema que lo aqueja, y una vez completada esa revisi\u00f3n, se procede a la detecci\u00f3n e identificaci\u00f3n de factores de riesgo para enfermedades latentes o potenciales en el corto, mediano y largo plazo.<\/p><p>Realice una consulta con alguno de nuestros especialistas de Medicina General \/ Medicina del Trabajo para conocer un diagn\u00f3stico y\/o una segunda opini\u00f3n.<\/p>\t\t\t\t\t\t<\/div>\n\t\t\t\t<\/div>\n\t\t\t\t\t<\/div>\n\t\t<\/div>\n\t\t\t\t\t<\/div>\n\t\t<\/section>\n\t\t\t\t<section class=\"elementor-section elementor-top-section elementor-element elementor-element-2abe42a0 elementor-section-boxed elementor-section-height-default elementor-section-height-default\" data-id=\"2abe42a0\" data-element_type=\"section\">\n\t\t\t\t\t\t<div class=\"elementor-container elementor-column-gap-default\">\n\t\t\t\t\t<div class=\"elementor-column elementor-col-100 elementor-top-column elementor-element elementor-element-4cc1174b\" data-id=\"4cc1174b\" data-element_type=\"column\">\n\t\t\t<div class=\"elementor-widget-wrap elementor-element-populated\">\n\t\t\t\t\t\t<div class=\"elementor-element elementor-element-648b1cd1 elementor-widget elementor-widget-Huge_Accordion\" data-id=\"648b1cd1\" data-element_type=\"widget\" data-widget_type=\"Huge_Accordion.default\">\n\t\t\t\t<div class=\"elementor-widget-container\">\n\t\t\t            \n        <div class=\"acordeon\">\n            <div class=\"acordeon-main\">\n                <div class=\"acordeon-item\">\n                    <div class=\"acordeon-item__container\">\n                        <div class=\"acordeon-content-principal\">\n                            <div class=\"acordeon-item__header\" data-action=\"toggle-acordeon\">\n                                                                <h2 class=\"acordeon-item__title\">\n                                                                    <\/h2>\n                            <\/div>\n                            <div class=\"acordeon-item__body\" style=\"display: none;\">\n                                <div class=\"acordeon-item-inner\">\n                                    <div class=\"acordeon-item-inner_description\">\n                                                                            <\/div>\n                                        <!-- accordion -->\n                                            <div class=\"accordion_inside\">\n                                                                                            <\/div>\n                                        <!-- end accordion -->\n                                <\/div>\n                                <div class=\"acordeon_item_iner_FaQ\"><\/div>\n                            <\/div>\n                        <\/div>\n                    <\/div>\n                <\/div>\n                                  \n                                        <hr>\n                    <div class=\"acordeon-item\">\n                        <div class=\"acordeon-item__container\">\n                            <div class=\"acordeon-content\">\n                                <div class=\"acordeon-item__header\" data-action=\"toggle-acordeon\">\n                                    <i class=\"fas fa-plus\"><\/i>                                    <h2 class=\"acordeon-item__title\">\n                                        PRESENCIAL                                    <\/h2>\n                                <\/div>\n\n                                <div class=\"acordeon-item__body\" style=\"display: none;\">\n                                    <div class=\"acordeon-item-inner\">\n                                        <div class=\"acordeon-item-inner_description\">\n\n                                            <p>Las consultas m\u00e9dicas son el acto por el cual, el paciente acude a un especialista con el fin de diagnosticar y\/o prevenir enfermedades futuras o\u00a0solucionar las dolencias que en ese momento le est\u00e1n molestando y\/o preocupando.<\/p><p>La mayor\u00eda de los pacientes acude a las consultas m\u00e9dicas cuando tienen un problema de salud; es muy efectivo realizar consultas preventivas para conocer el estado de salud actual y as\u00ed prevenir inconvenientes en el futuro.<\/p><p>Por ello, se recomienda una visita a una Consulta M\u00e9dica donde se podr\u00e1n atender las necesidades de salud de una persona y derivarla, si fuera necesario, a un especialista en cuesti\u00f3n.<\/p>                                                <!-- AE TEMPLATE -->\n                                                                                                <!-- END AE TEMPLATE -->\n                                        <\/div>\n                                    <\/div>\n\n                                    <div class=\"acordeon-item__media\">\n                                        <div class=\"acordeon-item__media-content\">\n                                            <img decoding=\"async\" class=\"acordeon-item__media-content-image\" src=\"https:\/\/www.cmap.cat\/wp-content\/uploads\/2022\/06\/online.jpg\" alt=\"\">\n                                        <\/div>\n                                                                                                                                    <div class=\"acordeon-information\">\n                                                        <div class=\"acordeon-price\">50\u20ac <\/div>\n                                                        <div class=\"acordeon-fees\"><\/div>\n                                                <\/div>\n                                                                                                                            \n                                        \n                                        <a class=\"acordeon-link\" href=\"#elementor-action%3Aaction%3Dpopup%3Aopen%26settings%3DeyJpZCI6IjIzMjYiLCJ0b2dnbGUiOmZhbHNlfQ%3D%3D\" data-title= \"PRESENCIAL\" >\n                                            <div class=\"acordeon-appointment\">\n                                                <svg enable-background=\"new 0 0 409.6 417.9\" viewbox=\"0 0 409.6 417.9\" xml:space=\"preserve\" xmlns=\"http:\/\/www.w3.org\/2000\/svg\">\t<path d=\"m311.8 9.9c9.5 3.3 13.5 10 12.8 19.9-0.3 3.8 0 7.7 0 12h19.7c19.7 0.1 36.3 7.3 49.3 22.2 9.8 11.2 15.3 24.4 15.5 39.2 0.3 31.1 0.2 62.3 0.1 93.4 0 9.2-7.1 16-15.9 16-9 0-15.9-7-15.9-16.5-0.1-29.5 0-59.1 0-88.6 0-13.7-5.6-24.2-18.1-30.4-3.6-1.8-7.8-2.9-11.8-3.1-7.4-0.5-14.9-0.1-22.8-0.1v14.3c-0.1 10.4-6.7 17.6-16.1 17.5-9.2-0.1-15.7-7.2-15.8-17.4v-14.2h-72.7v14.2c-0.1 10.2-6.6 17.3-15.8 17.4-9.4 0.1-16-7.1-16.1-17.5v-14.1h-71.9v14.4c-0.1 10.1-6.7 17.3-15.9 17.3-9.3 0-15.9-7.1-16-17.2v-15.1c-9.3 0.4-18.5-0.1-27.2 1.5-14.7 2.7-24.3 15.7-24.6 31.2-0.1 7.2 0 14.4 0 21.6v224.7c0 13.8 5.3 24.8 18 30.8 5 2.3 11 3.4 16.5 3.4 39.2 0.3 78.5 0.2 117.7 0.1 5.3 0 10.1 1.3 13.6 5.3 4.2 4.8 5.4 10.4 3 16.4-2.3 6-6.9 9.3-13.2 10.1-1 0.1-2.1 0.1-3.2 0.1-40 0-80.1 0.1-120.1 0-28.1-0.1-51.7-17-60.8-43.3-1.5-4.3-2.3-8.9-3.5-13.4v-263.5c0.3-0.7 0.6-1.4 0.8-2.2 3.1-19.5 13.2-34.5 29.8-45 11.9-7.5 25-10 38.8-9.5 4.7 0.2 9.5 0 14.4 0 0-4.4 0.2-8.2 0-12-0.9-9.9 3.1-16.6 12.6-19.9h6.4c9.5 3.3 13.5 10 12.8 19.9-0.3 3.9 0 7.9 0 11.8h71.9c0-4.1 0.2-8 0-11.8-0.7-9.9 3.3-16.6 12.8-19.9h6.4c9.5 3.3 13.5 10 12.8 19.9-0.3 3.9 0 7.9 0 11.8h72.7c0-4.1 0.2-8 0-11.8-0.7-9.9 3.3-16.6 12.8-19.9h6.2z\"\/>\t<path d=\"m312.7 418.7c-53 0.2-96.5-43.2-96.7-96.3-0.3-53.1 43.5-96.9 96.6-96.8s96.5 43.5 96.5 96.5c0.1 53-43.3 96.5-96.4 96.6zm0.1-161.3c-35.6-0.2-64.8 28.9-64.9 64.5-0.1 35.4 28.7 64.5 64.2 64.8s64.9-28.7 65.1-64.3c0.3-35.5-28.8-64.8-64.4-65z\"\/>\t<path d=\"m116.1 177.4c0.1 8.8-7.1 16.1-15.9 16.1s-16-7.2-16-16c0-8.6 7.1-15.8 15.7-15.9 8.8-0.1 16.1 7 16.2 15.8z\"\/>\t<path d=\"m169.9 161.7c8.8 0.1 15.9 7.5 15.7 16.3s-7.6 15.9-16.4 15.6c-8.6-0.2-15.6-7.4-15.5-16.1 0.1-8.8 7.4-16 16.2-15.8z\"\/>\t<path d=\"m239.2 161.7c8.8 0.1 15.9 7.4 15.8 16.2s-7.5 15.9-16.3 15.7c-8.6-0.2-15.6-7.4-15.6-16 0.1-8.8 7.4-16 16.1-15.9z\"\/>\t<path d=\"m308.5 193.5c-8.8 0-16-7.3-15.9-16.1s7.4-15.9 16.2-15.8c8.6 0.1 15.7 7.2 15.7 15.9 0.1 8.8-7.2 16-16 16z\"\/>\t<path d=\"m116.1 247c0 8.8-7.3 16-16 15.9-8.8-0.1-16-7.4-15.8-16.1 0.1-8.6 7.2-15.7 15.8-15.7 8.7 0 16 7.2 16 15.9z\"\/>\t<path d=\"m169.5 263c-8.8-0.1-15.9-7.4-15.8-16.1 0.1-8.8 7.5-15.9 16.2-15.7 8.6 0.2 15.6 7.3 15.6 15.9 0.1 8.7-7.2 16-16 15.9z\"\/>\t<path d=\"m116.1 316.5c0 8.8-7.2 16-16 16s-16-7.3-15.9-16.1c0.1-8.6 7.2-15.7 15.8-15.8 8.8-0.1 16.1 7.1 16.1 15.9z\"\/>\t<path d=\"m185.6 316.7c-0.1 8.8-7.4 15.9-16.2 15.8s-15.9-7.5-15.7-16.3c0.2-8.6 7.4-15.6 16-15.6 8.8 0 16 7.3 15.9 16.1z\"\/>\t<path d=\"m328.5 306.2c2.8 0 5.2-0.1 7.6 0 8.9 0.4 15.6 7.3 15.6 15.9s-6.7 15.6-15.6 15.9c-8 0.2-15.9 0.2-23.9 0-8.7-0.3-15.3-6.8-15.4-15.6-0.2-11.2-0.2-22.3 0-33.5 0.2-8.9 7.4-15.6 16-15.5 8.5 0.1 15.4 6.7 15.7 15.4 0.2 5.6 0 11.1 0 17.4z\"\/><\/svg>\n                                                    SOLICITAR CITA                                            <\/div>\n                                        <\/a>\n                                    <\/div>\n                                <\/div>\n                            <\/div>\n                        <\/div>\n                    <\/div>                     \n                  \n                                        <hr>\n                    <div class=\"acordeon-item\">\n                        <div class=\"acordeon-item__container\">\n                            <div class=\"acordeon-content\">\n                                <div class=\"acordeon-item__header\" data-action=\"toggle-acordeon\">\n                                    <i class=\"fas fa-plus\"><\/i>                                    <h2 class=\"acordeon-item__title\">\n                                        TELEF\u00d3NICA \/ VIDEOCONSULTA                                    <\/h2>\n                                <\/div>\n\n                                <div class=\"acordeon-item__body\" style=\"display: none;\">\n                                    <div class=\"acordeon-item-inner\">\n                                        <div class=\"acordeon-item-inner_description\">\n\n                                            <p>En CMAP ofrecemos la posibilidad a todos nuestros pacientes de poder atenderles a distancia a trav\u00e9s de la\u00a0<strong>teleconsulta<\/strong> o la <strong>videoconsulta m\u00e9dica.<\/strong><\/p><p>La situaci\u00f3n vivida durante la pandemia ha acelerado un proceso que ya ven\u00eda siendo una tendencia, la telemedicina. Nosotros\u00a0tenemos el compromiso\u00a0de dar respuesta a las necesidades asistenciales de nuestros pacientes, por eso, y porque \u201cla nueva realidad\u201d provocada por la pandemia del COVID-19 lo ha acelerado, ofrecemos la posibilidad de que nuestros profesionales puedan\u00a0atenderles de manera no presencial.<\/p><p>No siempre es posible utilizar estas herramientas, ya que hay veces que la exploraci\u00f3n f\u00edsica es necesaria, pero en las primeras consultas o cuando no sea necesaria esa exploraci\u00f3n,\u00a0las ventajas de este tipo de consultas m\u00e9dicas\u00a0son muchas:<\/p><ul><li>Los\u00a0<strong>profesionales m\u00e9dicos<\/strong>\u00a0que van a atenderte,\u00a0<strong>son los mismos<\/strong>\u00a0que atienden en nuestro centro m\u00e9dico.<\/li><li><strong>Evita desplazamientos y ahorra tiempo:<\/strong> Tan s\u00f3lo se necesita disponer de un dispositivo m\u00f3vil con conexi\u00f3n a internet para poder realizar la consulta con el m\u00e9dico desde el lugar donde al paciente le sea m\u00e1s c\u00f3modo (desde casa, desde el trabajo, etc.).<\/li><li><strong>Flexibilidad horaria:<\/strong>\u00a0Elija d\u00eda y hora y evite tiempos muertos en la sala de espera.<\/li><li><strong>Rapidez:<\/strong>\u00a0Todo el proceso se agiliza, desde la solicitud de cita, la consulta y la respuesta hasta el posible tratamiento m\u00e9dico.<\/li><li><strong>Seguridad:\u00a0<\/strong>Se pueden evitar ciertos riesgos de contagios, sobre todo en los pacientes m\u00e1s vulnerables.<\/li><li><strong>Fiabilidad:<\/strong>\u00a0La videoconsulta permite que el m\u00e9dico puede valorar s\u00edntomas y ofrecer un buen diagn\u00f3stico.<\/li><li><strong>Los especialistas pueden prescribirle<\/strong>\u00a0una prueba m\u00e9dica o una receta directamente desde la videoconsulta.<\/li><\/ul><p>\u00a0<\/p>                                                <!-- AE TEMPLATE -->\n                                                                                                <!-- END AE TEMPLATE -->\n                                        <\/div>\n                                    <\/div>\n\n                                    <div class=\"acordeon-item__media\">\n                                        <div class=\"acordeon-item__media-content\">\n                                            <img decoding=\"async\" class=\"acordeon-item__media-content-image\" src=\"https:\/\/www.cmap.cat\/wp-content\/uploads\/2022\/06\/telefonicamente.jpg\" alt=\"\">\n                                        <\/div>\n                                                                                                                                    <div class=\"acordeon-information\">\n                                                        <div class=\"acordeon-price\">50\u20ac <\/div>\n                                                        <div class=\"acordeon-fees\"><\/div>\n                                                <\/div>\n                                                                                                                            \n                                        \n                                        <a class=\"acordeon-link\" href=\"#elementor-action%3Aaction%3Dpopup%3Aopen%26settings%3DeyJpZCI6IjIzMjYiLCJ0b2dnbGUiOmZhbHNlfQ%3D%3D\" data-title= \"TELEF\u00d3NICA_\/_VIDEOCONSULTA\" >\n                                            <div class=\"acordeon-appointment\">\n                                                <svg enable-background=\"new 0 0 409.6 417.9\" viewbox=\"0 0 409.6 417.9\" xml:space=\"preserve\" xmlns=\"http:\/\/www.w3.org\/2000\/svg\">\t<path d=\"m311.8 9.9c9.5 3.3 13.5 10 12.8 19.9-0.3 3.8 0 7.7 0 12h19.7c19.7 0.1 36.3 7.3 49.3 22.2 9.8 11.2 15.3 24.4 15.5 39.2 0.3 31.1 0.2 62.3 0.1 93.4 0 9.2-7.1 16-15.9 16-9 0-15.9-7-15.9-16.5-0.1-29.5 0-59.1 0-88.6 0-13.7-5.6-24.2-18.1-30.4-3.6-1.8-7.8-2.9-11.8-3.1-7.4-0.5-14.9-0.1-22.8-0.1v14.3c-0.1 10.4-6.7 17.6-16.1 17.5-9.2-0.1-15.7-7.2-15.8-17.4v-14.2h-72.7v14.2c-0.1 10.2-6.6 17.3-15.8 17.4-9.4 0.1-16-7.1-16.1-17.5v-14.1h-71.9v14.4c-0.1 10.1-6.7 17.3-15.9 17.3-9.3 0-15.9-7.1-16-17.2v-15.1c-9.3 0.4-18.5-0.1-27.2 1.5-14.7 2.7-24.3 15.7-24.6 31.2-0.1 7.2 0 14.4 0 21.6v224.7c0 13.8 5.3 24.8 18 30.8 5 2.3 11 3.4 16.5 3.4 39.2 0.3 78.5 0.2 117.7 0.1 5.3 0 10.1 1.3 13.6 5.3 4.2 4.8 5.4 10.4 3 16.4-2.3 6-6.9 9.3-13.2 10.1-1 0.1-2.1 0.1-3.2 0.1-40 0-80.1 0.1-120.1 0-28.1-0.1-51.7-17-60.8-43.3-1.5-4.3-2.3-8.9-3.5-13.4v-263.5c0.3-0.7 0.6-1.4 0.8-2.2 3.1-19.5 13.2-34.5 29.8-45 11.9-7.5 25-10 38.8-9.5 4.7 0.2 9.5 0 14.4 0 0-4.4 0.2-8.2 0-12-0.9-9.9 3.1-16.6 12.6-19.9h6.4c9.5 3.3 13.5 10 12.8 19.9-0.3 3.9 0 7.9 0 11.8h71.9c0-4.1 0.2-8 0-11.8-0.7-9.9 3.3-16.6 12.8-19.9h6.4c9.5 3.3 13.5 10 12.8 19.9-0.3 3.9 0 7.9 0 11.8h72.7c0-4.1 0.2-8 0-11.8-0.7-9.9 3.3-16.6 12.8-19.9h6.2z\"\/>\t<path d=\"m312.7 418.7c-53 0.2-96.5-43.2-96.7-96.3-0.3-53.1 43.5-96.9 96.6-96.8s96.5 43.5 96.5 96.5c0.1 53-43.3 96.5-96.4 96.6zm0.1-161.3c-35.6-0.2-64.8 28.9-64.9 64.5-0.1 35.4 28.7 64.5 64.2 64.8s64.9-28.7 65.1-64.3c0.3-35.5-28.8-64.8-64.4-65z\"\/>\t<path d=\"m116.1 177.4c0.1 8.8-7.1 16.1-15.9 16.1s-16-7.2-16-16c0-8.6 7.1-15.8 15.7-15.9 8.8-0.1 16.1 7 16.2 15.8z\"\/>\t<path d=\"m169.9 161.7c8.8 0.1 15.9 7.5 15.7 16.3s-7.6 15.9-16.4 15.6c-8.6-0.2-15.6-7.4-15.5-16.1 0.1-8.8 7.4-16 16.2-15.8z\"\/>\t<path d=\"m239.2 161.7c8.8 0.1 15.9 7.4 15.8 16.2s-7.5 15.9-16.3 15.7c-8.6-0.2-15.6-7.4-15.6-16 0.1-8.8 7.4-16 16.1-15.9z\"\/>\t<path d=\"m308.5 193.5c-8.8 0-16-7.3-15.9-16.1s7.4-15.9 16.2-15.8c8.6 0.1 15.7 7.2 15.7 15.9 0.1 8.8-7.2 16-16 16z\"\/>\t<path d=\"m116.1 247c0 8.8-7.3 16-16 15.9-8.8-0.1-16-7.4-15.8-16.1 0.1-8.6 7.2-15.7 15.8-15.7 8.7 0 16 7.2 16 15.9z\"\/>\t<path d=\"m169.5 263c-8.8-0.1-15.9-7.4-15.8-16.1 0.1-8.8 7.5-15.9 16.2-15.7 8.6 0.2 15.6 7.3 15.6 15.9 0.1 8.7-7.2 16-16 15.9z\"\/>\t<path d=\"m116.1 316.5c0 8.8-7.2 16-16 16s-16-7.3-15.9-16.1c0.1-8.6 7.2-15.7 15.8-15.8 8.8-0.1 16.1 7.1 16.1 15.9z\"\/>\t<path d=\"m185.6 316.7c-0.1 8.8-7.4 15.9-16.2 15.8s-15.9-7.5-15.7-16.3c0.2-8.6 7.4-15.6 16-15.6 8.8 0 16 7.3 15.9 16.1z\"\/>\t<path d=\"m328.5 306.2c2.8 0 5.2-0.1 7.6 0 8.9 0.4 15.6 7.3 15.6 15.9s-6.7 15.6-15.6 15.9c-8 0.2-15.9 0.2-23.9 0-8.7-0.3-15.3-6.8-15.4-15.6-0.2-11.2-0.2-22.3 0-33.5 0.2-8.9 7.4-15.6 16-15.5 8.5 0.1 15.4 6.7 15.7 15.4 0.2 5.6 0 11.1 0 17.4z\"\/><\/svg>\n                                                    SOLICITAR CITA                                            <\/div>\n                                        <\/a>\n                                    <\/div>\n                                <\/div>\n                            <\/div>\n                        <\/div>\n                    <\/div>                     \n                            <\/div>\n        <\/div>\n        \t\t<\/div>\n\t\t\t\t<\/div>\n\t\t\t\t\t<\/div>\n\t\t<\/div>\n\t\t\t\t\t<\/div>\n\t\t<\/section>\n\t\t\t\t<\/div>","protected":false},"excerpt":{"rendered":"<p>CONSULTA M\u00c9DICA Consulta M\u00e9dica General La consulta de Medicina General est\u00e1 orientada al abordaje integral del paciente que acude por cualquier motivo de consulta; durante la misma, se realiza la evaluaci\u00f3n espec\u00edfica del problema que lo aqueja, y una vez completada esa revisi\u00f3n, se procede a la detecci\u00f3n e identificaci\u00f3n de factores de riesgo para [&hellip;]<\/p>","protected":false},"author":1,"featured_media":0,"parent":0,"menu_order":0,"comment_status":"closed","ping_status":"closed","template":"","meta":{"_acf_changed":false,"_joinchat":[],"footnotes":""},"class_list":["post-807","page","type-page","status-publish","hentry"],"acf":[],"_links":{"self":[{"href":"https:\/\/www.cmap.cat\/es\/wp-json\/wp\/v2\/pages\/807","targetHints":{"allow":["GET"]}}],"collection":[{"href":"https:\/\/www.cmap.cat\/es\/wp-json\/wp\/v2\/pages"}],"about":[{"href":"https:\/\/www.cmap.cat\/es\/wp-json\/wp\/v2\/types\/page"}],"author":[{"embeddable":true,"href":"https:\/\/www.cmap.cat\/es\/wp-json\/wp\/v2\/users\/1"}],"replies":[{"embeddable":true,"href":"https:\/\/www.cmap.cat\/es\/wp-json\/wp\/v2\/comments?post=807"}],"version-history":[{"count":34,"href":"https:\/\/www.cmap.cat\/es\/wp-json\/wp\/v2\/pages\/807\/revisions"}],"predecessor-version":[{"id":2124,"href":"https:\/\/www.cmap.cat\/es\/wp-json\/wp\/v2\/pages\/807\/revisions\/2124"}],"wp:attachment":[{"href":"https:\/\/www.cmap.cat\/es\/wp-json\/wp\/v2\/media?parent=807"}],"curies":[{"name":"wp","href":"https:\/\/api.w.org\/{rel}","templated":true}]}}